{"id":2,"date":"2024-10-21T19:36:29","date_gmt":"2024-10-21T19:36:29","guid":{"rendered":"https:\/\/lk-hermes.dk\/?page_id=2"},"modified":"2026-04-07T08:41:01","modified_gmt":"2026-04-07T08:41:01","slug":"sample-page","status":"publish","type":"page","link":"https:\/\/lk-hermes.dk\/","title":{"rendered":"Hermes Open 5K"},"content":{"rendered":"\n<p>Vinterklassikeren Hermes Open 5K afvikles hvert \u00e5r i januar p\u00e5 Havnegade i Odense. <\/p>\n\n\n\n<figure class=\"wp-block-video\"><video height=\"1080\" style=\"aspect-ratio: 1920 \/ 1080;\" width=\"1920\" controls src=\"https:\/\/lk-hermes.dk\/wp-content\/uploads\/2024\/11\/ruten.mp4\"><\/video><\/figure>\n\n\n\n<p>Ruten er DAF opm\u00e5lt og resultaterne t\u00e6ller med p\u00e5 Statletik.<\/p>\n\n\n\n<p class=\"has-medium-font-size\"><strong>Hermes Open 5K &#8211; N\u00e6ste udgave er den 16. januar 2027<\/strong><br>Tilmeld dig nu &#8211; <a href=\"https:\/\/my.raceresult.com\/388942\/\">https:\/\/my.raceresult.com\/388942\/<\/a><\/p>\n\n\n\n<p>Hvert \u00e5r i januar inviterer L\u00f8beklubben Hermes til en \u201dfemmer\u201d p\u00e5 Havnegade i Odense. Ruten er m\u00e5ske Danmarks fladeste 5 km rute og indbyder derfor til at teste vinterformen, s\u00e5 kom og l\u00f8b en femmer med vennerne eller g\u00e5 efter en god tid. Der er plads til alle.<\/p>\n\n\n\n<p class=\"has-medium-font-size\"><strong>Tidligere vindere<\/strong><\/p>\n\n\n\n<p><strong>Herre<\/strong><br>2023: Malthe Juel B\u00f8gebjerg &#8211; 14.47<br>2024: Rasmus Fabech &#8211; 15.29<br>2025: Bjarke Norre Rasmussen &#8211; 15.14<br>2026: Jacob Ejby Stengaard &#8211; 14.41<\/p>\n\n\n\n<p><strong>Kvinder<\/strong><br>2023: Thilde Marie Bredahl Wiig &#8211; 22.23 <br>2024: Maria Birkisdottir &#8211; 19.10<br>2025: Hedvig Valbj\u00f8rn Gydesen &#8211; 17.19<br>2026: Hedvig Valbj\u00f8rn Gydesen &#8211; 16.19<\/p>\n\n\n\n<p><strong>Resultatlister:<\/strong><br><a href=\"https:\/\/my.raceresult.com\/229718\/\">2023<\/a><br><a href=\"https:\/\/my.raceresult.com\/272020\/\">2024<\/a><br><a href=\"https:\/\/my.raceresult.com\/314734\/results\">2025<\/a><br><a href=\"https:\/\/my.raceresult.com\/352212\/\">2026<\/a><\/p>\n\n\n\n<p><strong>Foto<\/strong><\/p>\n\n\n\n<p><strong>2026<\/strong><br><a href=\"https:\/\/photos.app.goo.gl\/XVFRU233LpuUBdGY9\">Henrik Gils  &#8211; Billederne m\u00e5 bruges p\u00e5 sociale medier, hvis de krediteres Henrik Gils<\/a><\/p>\n\n\n\n<p><a href=\"https:\/\/photos.app.goo.gl\/XWMoxDsf6pPZYdCt6\">Marco Meloni R\u00f8nn &#8211;  Billederne m\u00e5 bruges p\u00e5 sociale medier, hvis de krediteres Marco Meloni R\u00f8nn<\/a><\/p>\n\n\n\n<p><a href=\"https:\/\/www.facebook.com\/media\/set?vanity=1563344822&amp;set=a.10239657997098979\">Brian Flemming J\u00f8rgensen\/Fit4Run &#8211;  Billederne m\u00e5 bruges p\u00e5 sociale medier, hvis de krediteres Brian Flemming J\u00f8rgensen<\/a> -Sort\/hvid galleri<\/p>\n\n\n\n<p><a href=\"https:\/\/www.facebook.com\/media\/set?vanity=1563344822&amp;set=a.10239647003424144\">Brian Flemming J\u00f8rgensen\/Fit4Run &#8211;  Billederne m\u00e5 bruges p\u00e5 sociale medier, hvis de krediteres Brian Flemming J\u00f8rgensen -Farve galleri<\/a><\/p>\n\n\n\n<p><\/p>\n\n\n\n<p><strong>2025<\/strong><br>Frederik Kromann &#8211; Billederne m\u00e5 bruges p\u00e5 sociale medier, hvis de krediteres Frederik Kromann. P\u00e5 instagram @fatcraigengels &#8211; <a href=\"https:\/\/lightroom.adobe.com\/shares\/4f8624b4ae81441a86269dc6214dfe43?fbclid=IwY2xjawH5_qpleHRuA2FlbQIxMQABHXHr1BjHoPPweiMJL8vLRgddgej7ktiVHNPR_YYyZkLysO7z7BIG5wvOPA_aem_PPQsUspFulMLu62mz--q1w\">Se fotos<\/a><\/p>\n\n\n\n<p>Johan Kristensen &#8211; Billederne m\u00e5 bruges p\u00e5 sociale medier, hvis de krediteres Johan Kristensen: P\u00e5 instagram @golfromance &#8211; <a href=\"https:\/\/photos.app.goo.gl\/b5fk7jHxF7UiNHpV6\">Se fotos<\/a><\/p>\n\n\n\n<p><\/p>\n\n\n\n<p><\/p>\n","protected":false},"excerpt":{"rendered":"<p>Vinterklassikeren Hermes Open 5K afvikles hvert \u00e5r i januar p\u00e5 Havnegade i Odense. Ruten er DAF opm\u00e5lt og resultaterne t\u00e6ller med p\u00e5 Statletik. Hermes Open 5K &#8211; N\u00e6ste udgave er den 16. januar 2027Tilmeld dig nu &#8211; https:\/\/my.raceresult.com\/388942\/ Hvert \u00e5r i januar inviterer L\u00f8beklubben Hermes til en \u201dfemmer\u201d p\u00e5 Havnegade i Odense. Ruten er m\u00e5ske &hellip; <\/p>\n<p class=\"link-more\"><a href=\"https:\/\/lk-hermes.dk\/\" class=\"more-link\">Continue reading<span class=\"screen-reader-text\"> &#8220;Hermes Open 5K&#8221;<\/span><\/a><\/p>\n","protected":false},"author":1,"featured_media":60,"parent":0,"menu_order":0,"comment_status":"closed","ping_status":"open","template":"","meta":{"footnotes":""},"class_list":["post-2","page","type-page","status-publish","has-post-thumbnail","hentry"],"_links":{"self":[{"href":"https:\/\/lk-hermes.dk\/index.php\/wp-json\/wp\/v2\/pages\/2","targetHints":{"allow":["GET"]}}],"collection":[{"href":"https:\/\/lk-hermes.dk\/index.php\/wp-json\/wp\/v2\/pages"}],"about":[{"href":"https:\/\/lk-hermes.dk\/index.php\/wp-json\/wp\/v2\/types\/page"}],"author":[{"embeddable":true,"href":"https:\/\/lk-hermes.dk\/index.php\/wp-json\/wp\/v2\/users\/1"}],"replies":[{"embeddable":true,"href":"https:\/\/lk-hermes.dk\/index.php\/wp-json\/wp\/v2\/comments?post=2"}],"version-history":[{"count":14,"href":"https:\/\/lk-hermes.dk\/index.php\/wp-json\/wp\/v2\/pages\/2\/revisions"}],"predecessor-version":[{"id":88,"href":"https:\/\/lk-hermes.dk\/index.php\/wp-json\/wp\/v2\/pages\/2\/revisions\/88"}],"wp:featuredmedia":[{"embeddable":true,"href":"https:\/\/lk-hermes.dk\/index.php\/wp-json\/wp\/v2\/media\/60"}],"wp:attachment":[{"href":"https:\/\/lk-hermes.dk\/index.php\/wp-json\/wp\/v2\/media?parent=2"}],"curies":[{"name":"wp","href":"https:\/\/api.w.org\/{rel}","templated":true}]}}